{"id":38,"date":"2019-09-20T11:03:49","date_gmt":"2019-09-20T11:03:49","guid":{"rendered":"https:\/\/navaloncocinas.com\/?page_id=38"},"modified":"2019-09-20T11:17:28","modified_gmt":"2019-09-20T11:17:28","slug":"donde-estamos","status":"publish","type":"page","link":"https:\/\/navaloncocinas.com\/?page_id=38","title":{"rendered":"Donde estamos"},"content":{"rendered":"\n<p><strong>Navalon Cocinas, S.L.<\/strong><br> <strong>Tel\u00e9fono:&nbsp;<\/strong>963410407 &#8211; 679420939<br> <strong>E-mail:<\/strong>&nbsp;<a href=\"mailto:navaloncocinas@hotmail.com\">navaloncocinas@hotmail.com<\/a><br> <strong>Direcci\u00f3n:<\/strong>&nbsp;C\/ Uruguay, 16 Bajo Izquierda<br> <strong>Poblaci\u00f3n:<\/strong>&nbsp;Valencia<br> <strong>Especialista en:<\/strong>&nbsp;Cocinas, Carpinter\u00eda, Reformas, Interiorismo y Decoraci\u00f3n.<\/p>\n\n\n\n<figure><iframe loading=\"lazy\" src=\"https:\/\/www.google.com\/maps\/embed?pb=!1m14!1m8!1m3!1d12322.045317811844!2d-0.3871593!3d39.4577757!3m2!1i1024!2i768!4f13.1!3m3!1m2!1s0x0%3A0xb5779d7f40018311!2sNaval%C3%B3n%20Cocinas%20S.L.!5e0!3m2!1ses!2ses!4v1568978241579!5m2!1ses!2ses\" width=\"600\" height=\"450\" allowfullscreen=\"\"><\/iframe><\/figure>\n","protected":false},"excerpt":{"rendered":"<p>Navalon Cocinas, S.L. Tel\u00e9fono:&nbsp;963410407 &#8211; 679420939 E-mail:&nbsp;navaloncocinas@hotmail.com Direcci\u00f3n:&nbsp;C\/ Uruguay, 16 Bajo Izquierda Poblaci\u00f3n:&nbsp;Valencia Especialista en:&nbsp;Cocinas, Carpinter\u00eda, Reformas, Interiorismo y Decoraci\u00f3n.<\/p>\n","protected":false},"author":1,"featured_media":0,"parent":0,"menu_order":0,"comment_status":"closed","ping_status":"closed","template":"","meta":{"ngg_post_thumbnail":0},"_links":{"self":[{"href":"https:\/\/navaloncocinas.com\/index.php?rest_route=\/wp\/v2\/pages\/38"}],"collection":[{"href":"https:\/\/navaloncocinas.com\/index.php?rest_route=\/wp\/v2\/pages"}],"about":[{"href":"https:\/\/navaloncocinas.com\/index.php?rest_route=\/wp\/v2\/types\/page"}],"author":[{"embeddable":true,"href":"https:\/\/navaloncocinas.com\/index.php?rest_route=\/wp\/v2\/users\/1"}],"replies":[{"embeddable":true,"href":"https:\/\/navaloncocinas.com\/index.php?rest_route=%2Fwp%2Fv2%2Fcomments&post=38"}],"version-history":[{"count":2,"href":"https:\/\/navaloncocinas.com\/index.php?rest_route=\/wp\/v2\/pages\/38\/revisions"}],"predecessor-version":[{"id":60,"href":"https:\/\/navaloncocinas.com\/index.php?rest_route=\/wp\/v2\/pages\/38\/revisions\/60"}],"wp:attachment":[{"href":"https:\/\/navaloncocinas.com\/index.php?rest_route=%2Fwp%2Fv2%2Fmedia&parent=38"}],"curies":[{"name":"wp","href":"https:\/\/api.w.org\/{rel}","templated":true}]}}