{"id":36,"date":"2019-09-20T11:02:53","date_gmt":"2019-09-20T11:02:53","guid":{"rendered":"https:\/\/navaloncocinas.com\/?page_id=36"},"modified":"2019-09-20T11:02:54","modified_gmt":"2019-09-20T11:02:54","slug":"que-hacemos","status":"publish","type":"page","link":"https:\/\/navaloncocinas.com\/?page_id=36","title":{"rendered":"Qu\u00e9 hacemos"},"content":{"rendered":"\n<p><strong>Navalon Cocinas<\/strong>&nbsp;es una empresa con m\u00e1s de 25 a\u00f1os de experiencia que ofrece servicios\nde Reformas Integrales o parciales, Cocinas, Carpinter\u00eda, Decoraci\u00f3n\n,Interiorismo &#8230; buscando la satisfacci\u00f3n de nuestros clientes.<\/p>\n\n\n\n<p><strong>Navalon Cocinas<\/strong>&nbsp;cuenta con el equipo de&nbsp; profesionales y de maquinaria propios\npara realizar los trabajos que nuestros clientes nos encargan sin necesidad de\nsubcontratar a otras empresas.<\/p>\n\n\n\n<p>El personal de&nbsp;<strong>Navalon Cocinas<\/strong>&nbsp;estan acostumbrados a\ngrandes exigencias en cuanto a calidad, rapidez y eficacia, sin descartar en\nning\u00fan momento el aprendizaje continuo para seguir perfeccion\u00e1ndose.<\/p>\n\n\n\n<p>Y sobre todo&nbsp;<strong>Navalon Cocinas<\/strong>&nbsp;se adapta totalmente a sus\nnecesidades grandes o peque\u00f1as.<\/p>\n","protected":false},"excerpt":{"rendered":"<p>Navalon Cocinas&nbsp;es una empresa con m\u00e1s de 25 a\u00f1os de experiencia que ofrece servicios de Reformas Integrales o parciales, Cocinas, Carpinter\u00eda, Decoraci\u00f3n ,Interiorismo &#8230; buscando la satisfacci\u00f3n de nuestros clientes. Navalon Cocinas&nbsp;cuenta con el equipo de&nbsp; profesionales y de maquinaria propios para realizar los trabajos que nuestros clientes nos encargan sin necesidad de subcontratar a &hellip; <\/p>\n","protected":false},"author":1,"featured_media":0,"parent":0,"menu_order":0,"comment_status":"closed","ping_status":"closed","template":"","meta":{"ngg_post_thumbnail":0},"_links":{"self":[{"href":"https:\/\/navaloncocinas.com\/index.php?rest_route=\/wp\/v2\/pages\/36"}],"collection":[{"href":"https:\/\/navaloncocinas.com\/index.php?rest_route=\/wp\/v2\/pages"}],"about":[{"href":"https:\/\/navaloncocinas.com\/index.php?rest_route=\/wp\/v2\/types\/page"}],"author":[{"embeddable":true,"href":"https:\/\/navaloncocinas.com\/index.php?rest_route=\/wp\/v2\/users\/1"}],"replies":[{"embeddable":true,"href":"https:\/\/navaloncocinas.com\/index.php?rest_route=%2Fwp%2Fv2%2Fcomments&post=36"}],"version-history":[{"count":1,"href":"https:\/\/navaloncocinas.com\/index.php?rest_route=\/wp\/v2\/pages\/36\/revisions"}],"predecessor-version":[{"id":37,"href":"https:\/\/navaloncocinas.com\/index.php?rest_route=\/wp\/v2\/pages\/36\/revisions\/37"}],"wp:attachment":[{"href":"https:\/\/navaloncocinas.com\/index.php?rest_route=%2Fwp%2Fv2%2Fmedia&parent=36"}],"curies":[{"name":"wp","href":"https:\/\/api.w.org\/{rel}","templated":true}]}}